{"id":6445,"date":"2021-04-02T22:47:33","date_gmt":"2021-04-02T20:47:33","guid":{"rendered":"https:\/\/brandforyou.hu\/oldcoins\/?post_type=product&#038;p=6445"},"modified":"2021-04-02T22:47:33","modified_gmt":"2021-04-02T20:47:33","slug":"romai-ermek","status":"publish","type":"product","link":"https:\/\/brandforyou.hu\/oldcoins\/termek\/romai-ermek\/","title":{"rendered":"R\u00f3mai \u00e9rm\u00e9k"},"content":{"rendered":"","protected":false},"excerpt":{"rendered":"","protected":false},"featured_media":6446,"comment_status":"closed","ping_status":"closed","template":"","meta":[],"product_cat":[97],"product_tag":[],"_links":{"self":[{"href":"https:\/\/brandforyou.hu\/oldcoins\/wp-json\/wp\/v2\/product\/6445"}],"collection":[{"href":"https:\/\/brandforyou.hu\/oldcoins\/wp-json\/wp\/v2\/product"}],"about":[{"href":"https:\/\/brandforyou.hu\/oldcoins\/wp-json\/wp\/v2\/types\/product"}],"replies":[{"embeddable":true,"href":"https:\/\/brandforyou.hu\/oldcoins\/wp-json\/wp\/v2\/comments?post=6445"}],"wp:featuredmedia":[{"embeddable":true,"href":"https:\/\/brandforyou.hu\/oldcoins\/wp-json\/wp\/v2\/media\/6446"}],"wp:attachment":[{"href":"https:\/\/brandforyou.hu\/oldcoins\/wp-json\/wp\/v2\/media?parent=6445"}],"wp:term":[{"taxonomy":"product_cat","embeddable":true,"href":"https:\/\/brandforyou.hu\/oldcoins\/wp-json\/wp\/v2\/product_cat?post=6445"},{"taxonomy":"product_tag","embeddable":true,"href":"https:\/\/brandforyou.hu\/oldcoins\/wp-json\/wp\/v2\/product_tag?post=6445"}],"curies":[{"name":"wp","href":"https:\/\/api.w.org\/{rel}","templated":true}]}}