{"id":6404,"date":"2021-04-02T22:26:11","date_gmt":"2021-04-02T20:26:11","guid":{"rendered":"https:\/\/brandforyou.hu\/oldcoins\/?post_type=product&#038;p=6404"},"modified":"2021-04-02T22:26:11","modified_gmt":"2021-04-02T20:26:11","slug":"cseszlovak-papirpenz","status":"publish","type":"product","link":"https:\/\/brandforyou.hu\/oldcoins\/termek\/cseszlovak-papirpenz\/","title":{"rendered":"Cseszlov\u00e1k &#8211; pap\u00edrp\u00e9nz"},"content":{"rendered":"","protected":false},"excerpt":{"rendered":"","protected":false},"featured_media":6405,"comment_status":"closed","ping_status":"closed","template":"","meta":[],"product_cat":[95],"product_tag":[],"_links":{"self":[{"href":"https:\/\/brandforyou.hu\/oldcoins\/wp-json\/wp\/v2\/product\/6404"}],"collection":[{"href":"https:\/\/brandforyou.hu\/oldcoins\/wp-json\/wp\/v2\/product"}],"about":[{"href":"https:\/\/brandforyou.hu\/oldcoins\/wp-json\/wp\/v2\/types\/product"}],"replies":[{"embeddable":true,"href":"https:\/\/brandforyou.hu\/oldcoins\/wp-json\/wp\/v2\/comments?post=6404"}],"wp:featuredmedia":[{"embeddable":true,"href":"https:\/\/brandforyou.hu\/oldcoins\/wp-json\/wp\/v2\/media\/6405"}],"wp:attachment":[{"href":"https:\/\/brandforyou.hu\/oldcoins\/wp-json\/wp\/v2\/media?parent=6404"}],"wp:term":[{"taxonomy":"product_cat","embeddable":true,"href":"https:\/\/brandforyou.hu\/oldcoins\/wp-json\/wp\/v2\/product_cat?post=6404"},{"taxonomy":"product_tag","embeddable":true,"href":"https:\/\/brandforyou.hu\/oldcoins\/wp-json\/wp\/v2\/product_tag?post=6404"}],"curies":[{"name":"wp","href":"https:\/\/api.w.org\/{rel}","templated":true}]}}