{"id":6442,"date":"2021-04-02T22:40:44","date_gmt":"2021-04-02T20:40:44","guid":{"rendered":"https:\/\/brandforyou.hu\/oldcoins\/?page_id=6442"},"modified":"2021-04-13T18:42:16","modified_gmt":"2021-04-13T16:42:16","slug":"romai-ermek","status":"publish","type":"page","link":"https:\/\/brandforyou.hu\/oldcoins\/romai-ermek\/","title":{"rendered":"R\u00f3mai \u00e9rm\u00e9k"},"content":{"rendered":"\t\t<div data-elementor-type=\"wp-page\" data-elementor-id=\"6442\" class=\"elementor elementor-6442\">\n\t\t\t\t\t\t<div class=\"elementor-inner\">\n\t\t\t\t<div class=\"elementor-section-wrap\">\n\t\t\t\t\t\t\t\t\t<section class=\"elementor-section elementor-top-section elementor-element elementor-element-6191441c elementor-section-boxed elementor-section-height-default elementor-section-height-default\" data-id=\"6191441c\" data-element_type=\"section\" data-settings=\"{&quot;background_background&quot;:&quot;classic&quot;}\">\n\t\t\t\t\t\t<div class=\"elementor-container elementor-column-gap-default\">\n\t\t\t\t\t\t\t<div class=\"elementor-row\">\n\t\t\t\t\t<div class=\"elementor-column elementor-col-100 elementor-top-column elementor-element elementor-element-3b0b19ab\" data-id=\"3b0b19ab\" data-element_type=\"column\">\n\t\t\t<div class=\"elementor-column-wrap elementor-element-populated\">\n\t\t\t\t\t\t\t<div class=\"elementor-widget-wrap\">\n\t\t\t\t\t\t<div class=\"elementor-element elementor-element-9489e28 elementor-widget elementor-widget-heading\" data-id=\"9489e28\" data-element_type=\"widget\" data-widget_type=\"heading.default\">\n\t\t\t\t<div class=\"elementor-widget-container\">\n\t\t\t<h2 class=\"elementor-heading-title elementor-size-default\">R\u00f3mai \u00e9rm\u00e9k<\/h2>\t\t<\/div>\n\t\t\t\t<\/div>\n\t\t\t\t<div class=\"elementor-element elementor-element-5e31ab5 elementor-widget-divider--view-line_icon elementor-view-default elementor-widget-divider--element-align-center elementor-widget elementor-widget-divider\" data-id=\"5e31ab5\" data-element_type=\"widget\" data-widget_type=\"divider.default\">\n\t\t\t\t<div class=\"elementor-widget-container\">\n\t\t\t\t\t<div class=\"elementor-divider\">\n\t\t\t<span class=\"elementor-divider-separator\">\n\t\t\t\t\t\t\t<div class=\"elementor-icon elementor-divider__element\">\n\t\t\t\t\t<i aria-hidden=\"true\" class=\"fas fa-star\"><\/i><\/div>\n\t\t\t\t\t\t<\/span>\n\t\t<\/div>\n\t\t\t\t<\/div>\n\t\t\t\t<\/div>\n\t\t\t\t<div class=\"elementor-element elementor-element-13c8afee elementor-widget elementor-widget-uael-posts\" data-id=\"13c8afee\" data-element_type=\"widget\" data-settings=\"{&quot;classic_slides_to_show&quot;:3,&quot;classic_slides_to_show_tablet&quot;:2,&quot;classic_slides_to_show_mobile&quot;:1}\" data-widget_type=\"uael-posts.classic\">\n\t\t\t\t<div class=\"elementor-widget-container\">\n\t\t\t\t\t<div class=\"uael-post__header\">\n\t\t\t\t\t<\/div>\n\t\t<div class=\"uael-post__body\">\n\t\t\t\n\t\t\n\t\t<div class=\"uael-blog-terms-position- uael-post-image-none uael-post-grid uael-posts\" data-query-type=\"custom\" data-structure=\"normal\" data-layout=\"\" data-page=\"6442\" data-skin=\"classic\" data-filter-default=\"\" data-offset-top=\"30\" >\n\n\t\t\t\t\t\t\t<div class=\"uael-post-grid__inner uael-post__columns-3 uael-post__columns-tablet-2 uael-post__columns-mobile-1\">\n\t\t\t\n<div class=\"uael-post-wrapper   \">\n\t<div class=\"uael-post__bg-wrap\">\n\n\t\t\t\t\n\t\t<div class=\"uael-post__inner-wrap\">\n\n\t\t\n\t\t\t\n\t\t\t<div class=\"uael-post__content-wrap\">\n\t\t\t\t\t<h3 class=\"uael-post__title\">\n\n\t\t\n\t\t\t\t\t\t<a href=\"https:\/\/brandforyou.hu\/oldcoins\/termek\/romai-ermek\/\" target=\"_self\">\n\t\t\t\tR\u00f3mai \u00e9rm\u00e9k\t\t\t<\/a>\n\n\t\t\t\t<\/h3>\n\t\t\n\t\t<div class=\"uael-post__excerpt\">\n\t\t\t\t\t<\/div>\n\n\t\t\t\t\t<a class=\"uael-post__read-more elementor-button\" href=\"https:\/\/brandforyou.hu\/oldcoins\/termek\/romai-ermek\/\" target=\"_self\" aria-labelledby=\"uael-post-6445\">\n\t\t\t\t\t<span class=\"elementor-button-content-wrapper\">\n\t\t\t\t\t\t\t\t\t\t\t\t\t\t<span class=\"elementor-button-icon elementor-align-icon-left\">\n\n\t\t\t\t\t\t\t\t\t\n\t\t\t\t\t\t\t\t<\/span>\n\t\t\t\t\t\t\t\t\t\t\t\t\t\n\t\t\t\t\t\t<span class=\"elementor-button-text\" id=uael-post-6445>Click here  \u2192<\/span>\n\t\t\t\t\t<\/span>\n\t\t\t\t<\/a>\n\t\t\t\t\t\t<\/div>\n\t\t\t\n\t\t<\/div>\n\t\t\n\t<\/div>\n\n<\/div>\n\t\t\t\t<\/div>\n\t\t\t\t\t\t\n\t\t<\/div>\n\n\t\t\t\t\t\t<\/div>\n\t\t<div class=\"uael-post__footer\">\n\t\t\t\t\t<\/div>\n\t\t\t\t<\/div>\n\t\t\t\t<\/div>\n\t\t\t\t\t\t<\/div>\n\t\t\t\t\t<\/div>\n\t\t<\/div>\n\t\t\t\t\t\t\t\t<\/div>\n\t\t\t\t\t<\/div>\n\t\t<\/section>\n\t\t\t\t\t\t\t\t\t<\/div>\n\t\t\t<\/div>\n\t\t\t\t\t<\/div>\n\t\t","protected":false},"excerpt":{"rendered":"<p>R\u00f3mai \u00e9rm\u00e9k R\u00f3mai \u00e9rm\u00e9k Click here \u2192<\/p>\n","protected":false},"author":1,"featured_media":7103,"parent":0,"menu_order":0,"comment_status":"closed","ping_status":"closed","template":"","meta":[],"_links":{"self":[{"href":"https:\/\/brandforyou.hu\/oldcoins\/wp-json\/wp\/v2\/pages\/6442"}],"collection":[{"href":"https:\/\/brandforyou.hu\/oldcoins\/wp-json\/wp\/v2\/pages"}],"about":[{"href":"https:\/\/brandforyou.hu\/oldcoins\/wp-json\/wp\/v2\/types\/page"}],"author":[{"embeddable":true,"href":"https:\/\/brandforyou.hu\/oldcoins\/wp-json\/wp\/v2\/users\/1"}],"replies":[{"embeddable":true,"href":"https:\/\/brandforyou.hu\/oldcoins\/wp-json\/wp\/v2\/comments?post=6442"}],"version-history":[{"count":44,"href":"https:\/\/brandforyou.hu\/oldcoins\/wp-json\/wp\/v2\/pages\/6442\/revisions"}],"predecessor-version":[{"id":7487,"href":"https:\/\/brandforyou.hu\/oldcoins\/wp-json\/wp\/v2\/pages\/6442\/revisions\/7487"}],"wp:featuredmedia":[{"embeddable":true,"href":"https:\/\/brandforyou.hu\/oldcoins\/wp-json\/wp\/v2\/media\/7103"}],"wp:attachment":[{"href":"https:\/\/brandforyou.hu\/oldcoins\/wp-json\/wp\/v2\/media?parent=6442"}],"curies":[{"name":"wp","href":"https:\/\/api.w.org\/{rel}","templated":true}]}}