{"id":293,"date":"2021-03-27T17:12:27","date_gmt":"2021-03-27T15:12:27","guid":{"rendered":"https:\/\/brandforyou.hu\/oldcoins\/?page_id=293"},"modified":"2021-04-27T11:09:49","modified_gmt":"2021-04-27T09:09:49","slug":"fooldal","status":"publish","type":"page","link":"https:\/\/brandforyou.hu\/oldcoins\/","title":{"rendered":"F\u0151oldal"},"content":{"rendered":"\t\t<div data-elementor-type=\"wp-page\" data-elementor-id=\"293\" class=\"elementor elementor-293\">\n\t\t\t\t\t\t<div class=\"elementor-inner\">\n\t\t\t\t<div class=\"elementor-section-wrap\">\n\t\t\t\t\t\t\t\t\t<section class=\"elementor-section elementor-top-section elementor-element elementor-element-d041f61 elementor-section-height-min-height elementor-section-items-top elementor-section-boxed elementor-section-height-default\" data-id=\"d041f61\" data-element_type=\"section\" data-settings=\"{&quot;background_background&quot;:&quot;classic&quot;}\">\n\t\t\t\t\t\t\t<div class=\"elementor-background-overlay\"><\/div>\n\t\t\t\t\t\t\t<div class=\"elementor-container elementor-column-gap-default\">\n\t\t\t\t\t\t\t<div class=\"elementor-row\">\n\t\t\t\t\t<div class=\"elementor-column elementor-col-100 elementor-top-column elementor-element elementor-element-6292cf6\" data-id=\"6292cf6\" data-element_type=\"column\">\n\t\t\t<div class=\"elementor-column-wrap elementor-element-populated\">\n\t\t\t\t\t\t\t<div class=\"elementor-widget-wrap\">\n\t\t\t\t\t\t<div class=\"elementor-element elementor-element-4833c54 elementor-widget elementor-widget-text-editor\" data-id=\"4833c54\" data-element_type=\"widget\" data-widget_type=\"text-editor.default\">\n\t\t\t\t<div class=\"elementor-widget-container\">\n\t\t\t\t\t\t\t\t<div class=\"elementor-text-editor elementor-clearfix\">\n\t\t\t\t<p>Kedves l\u00e1togat\u00f3!<\/p><p>Csoportos\u00edtva tal\u00e1lhatod meg az oldalon az \u00e9rm\u00e9ket, kit\u00fcntet\u00e9seket, pap\u00edrp\u00e9nzeket\u2026stb a fels\u0151 men\u00fcben.<\/p><p><span style=\"text-decoration: underline;\">Egy kis seg\u00edts\u00e9g az oldalhoz:<\/span><\/p>\t\t\t\t\t<\/div>\n\t\t\t\t\t\t<\/div>\n\t\t\t\t<\/div>\n\t\t\t\t<section class=\"elementor-section elementor-inner-section elementor-element elementor-element-915e650 elementor-section-boxed elementor-section-height-default elementor-section-height-default\" data-id=\"915e650\" data-element_type=\"section\">\n\t\t\t\t\t\t<div class=\"elementor-container elementor-column-gap-default\">\n\t\t\t\t\t\t\t<div class=\"elementor-row\">\n\t\t\t\t\t<div class=\"elementor-column elementor-col-50 elementor-inner-column elementor-element elementor-element-5a2d730\" data-id=\"5a2d730\" data-element_type=\"column\">\n\t\t\t<div class=\"elementor-column-wrap elementor-element-populated\">\n\t\t\t\t\t\t\t<div class=\"elementor-widget-wrap\">\n\t\t\t\t\t\t<div class=\"elementor-element elementor-element-4665443 elementor-widget elementor-widget-text-editor\" data-id=\"4665443\" data-element_type=\"widget\" data-widget_type=\"text-editor.default\">\n\t\t\t\t<div class=\"elementor-widget-container\">\n\t\t\t\t\t\t\t\t<div class=\"elementor-text-editor elementor-clearfix\">\n\t\t\t\t<p>Ki kell v\u00e1lasztanunk a fels\u0151 men\u00fcben a megtekinteni k\u00edv\u00e1nt \u00e9rm\u00e9ket, pap\u00edrp\u00e9nzeket, alum\u00ednium vagy eml\u00e9k\u00e9rm\u00e9ket, r\u00f3mai \u00e9rm\u00e9ket&#8230;stb.<\/p><p>Az adott almen\u00fcben v\u00e1laszuk ki az orsz\u00e1got.<\/p>\t\t\t\t\t<\/div>\n\t\t\t\t\t\t<\/div>\n\t\t\t\t<\/div>\n\t\t\t\t\t\t<\/div>\n\t\t\t\t\t<\/div>\n\t\t<\/div>\n\t\t\t\t<div class=\"elementor-column elementor-col-50 elementor-inner-column elementor-element elementor-element-66ce583\" data-id=\"66ce583\" data-element_type=\"column\">\n\t\t\t<div class=\"elementor-column-wrap elementor-element-populated\">\n\t\t\t\t\t\t\t<div class=\"elementor-widget-wrap\">\n\t\t\t\t\t\t<div class=\"elementor-element elementor-element-5ac2bf0 elementor-widget elementor-widget-image\" data-id=\"5ac2bf0\" data-element_type=\"widget\" data-widget_type=\"image.default\">\n\t\t\t\t<div class=\"elementor-widget-container\">\n\t\t\t\t\t\t\t\t<div class=\"elementor-image\">\n\t\t\t\t\t\t\t\t\t\t\t\t<img decoding=\"async\" width=\"1024\" height=\"274\" src=\"https:\/\/brandforyou.hu\/oldcoins\/wp-content\/uploads\/2021\/04\/1-1024x274.jpg\" class=\"attachment-large size-large\" alt=\"\" loading=\"lazy\" srcset=\"https:\/\/brandforyou.hu\/oldcoins\/wp-content\/uploads\/2021\/04\/1-1024x274.jpg 1024w, https:\/\/brandforyou.hu\/oldcoins\/wp-content\/uploads\/2021\/04\/1-300x80.jpg 300w, https:\/\/brandforyou.hu\/oldcoins\/wp-content\/uploads\/2021\/04\/1-768x206.jpg 768w, https:\/\/brandforyou.hu\/oldcoins\/wp-content\/uploads\/2021\/04\/1-600x161.jpg 600w, https:\/\/brandforyou.hu\/oldcoins\/wp-content\/uploads\/2021\/04\/1.jpg 1345w\" sizes=\"(max-width: 1024px) 100vw, 1024px\" \/>\t\t\t\t\t\t\t\t\t\t\t\t\t\t<\/div>\n\t\t\t\t\t\t<\/div>\n\t\t\t\t<\/div>\n\t\t\t\t\t\t<\/div>\n\t\t\t\t\t<\/div>\n\t\t<\/div>\n\t\t\t\t\t\t\t\t<\/div>\n\t\t\t\t\t<\/div>\n\t\t<\/section>\n\t\t\t\t<section class=\"elementor-section elementor-inner-section elementor-element elementor-element-2d4652c elementor-section-boxed elementor-section-height-default elementor-section-height-default\" data-id=\"2d4652c\" data-element_type=\"section\">\n\t\t\t\t\t\t<div class=\"elementor-container elementor-column-gap-default\">\n\t\t\t\t\t\t\t<div class=\"elementor-row\">\n\t\t\t\t\t<div class=\"elementor-column elementor-col-50 elementor-inner-column elementor-element elementor-element-5e1c657\" data-id=\"5e1c657\" data-element_type=\"column\">\n\t\t\t<div class=\"elementor-column-wrap elementor-element-populated\">\n\t\t\t\t\t\t\t<div class=\"elementor-widget-wrap\">\n\t\t\t\t\t\t<div class=\"elementor-element elementor-element-19ea20d elementor-widget elementor-widget-text-editor\" data-id=\"19ea20d\" data-element_type=\"widget\" data-widget_type=\"text-editor.default\">\n\t\t\t\t<div class=\"elementor-widget-container\">\n\t\t\t\t\t\t\t\t<div class=\"elementor-text-editor elementor-clearfix\">\n\t\t\t\t<p>Miut\u00e1n az adott almen\u00fcben kiv\u00e1lasztottuk az orsz\u00e1got, lehet\u0151s\u00e9g\u00fcnk ny\u00edlik az adott \u00e9rm\u00e9ket kinagy\u00edtani.<\/p>\t\t\t\t\t<\/div>\n\t\t\t\t\t\t<\/div>\n\t\t\t\t<\/div>\n\t\t\t\t\t\t<\/div>\n\t\t\t\t\t<\/div>\n\t\t<\/div>\n\t\t\t\t<div class=\"elementor-column elementor-col-50 elementor-inner-column elementor-element elementor-element-582c3a3\" data-id=\"582c3a3\" data-element_type=\"column\">\n\t\t\t<div class=\"elementor-column-wrap elementor-element-populated\">\n\t\t\t\t\t\t\t<div class=\"elementor-widget-wrap\">\n\t\t\t\t\t\t<div class=\"elementor-element elementor-element-4b82881 elementor-widget elementor-widget-image\" data-id=\"4b82881\" data-element_type=\"widget\" data-widget_type=\"image.default\">\n\t\t\t\t<div class=\"elementor-widget-container\">\n\t\t\t\t\t\t\t\t<div class=\"elementor-image\">\n\t\t\t\t\t\t\t\t\t\t\t\t<img decoding=\"async\" width=\"1024\" height=\"344\" src=\"https:\/\/brandforyou.hu\/oldcoins\/wp-content\/uploads\/2021\/04\/2-1024x344.jpg\" class=\"attachment-large size-large\" alt=\"\" loading=\"lazy\" srcset=\"https:\/\/brandforyou.hu\/oldcoins\/wp-content\/uploads\/2021\/04\/2-1024x344.jpg 1024w, https:\/\/brandforyou.hu\/oldcoins\/wp-content\/uploads\/2021\/04\/2-300x101.jpg 300w, https:\/\/brandforyou.hu\/oldcoins\/wp-content\/uploads\/2021\/04\/2-768x258.jpg 768w, https:\/\/brandforyou.hu\/oldcoins\/wp-content\/uploads\/2021\/04\/2-600x202.jpg 600w, https:\/\/brandforyou.hu\/oldcoins\/wp-content\/uploads\/2021\/04\/2.jpg 1345w\" sizes=\"(max-width: 1024px) 100vw, 1024px\" \/>\t\t\t\t\t\t\t\t\t\t\t\t\t\t<\/div>\n\t\t\t\t\t\t<\/div>\n\t\t\t\t<\/div>\n\t\t\t\t\t\t<\/div>\n\t\t\t\t\t<\/div>\n\t\t<\/div>\n\t\t\t\t\t\t\t\t<\/div>\n\t\t\t\t\t<\/div>\n\t\t<\/section>\n\t\t\t\t<section class=\"elementor-section elementor-inner-section elementor-element elementor-element-c301112 elementor-section-boxed elementor-section-height-default elementor-section-height-default\" data-id=\"c301112\" data-element_type=\"section\">\n\t\t\t\t\t\t<div class=\"elementor-container elementor-column-gap-default\">\n\t\t\t\t\t\t\t<div class=\"elementor-row\">\n\t\t\t\t\t<div class=\"elementor-column elementor-col-50 elementor-inner-column elementor-element elementor-element-fdcf015\" data-id=\"fdcf015\" data-element_type=\"column\">\n\t\t\t<div class=\"elementor-column-wrap elementor-element-populated\">\n\t\t\t\t\t\t\t<div class=\"elementor-widget-wrap\">\n\t\t\t\t\t\t<div class=\"elementor-element elementor-element-dd3d55c elementor-widget elementor-widget-text-editor\" data-id=\"dd3d55c\" data-element_type=\"widget\" data-widget_type=\"text-editor.default\">\n\t\t\t\t<div class=\"elementor-widget-container\">\n\t\t\t\t\t\t\t\t<div class=\"elementor-text-editor elementor-clearfix\">\n\t\t\t\t<p>A jobbra \u00e9s balra nyilakkal lehet\u0151s\u00e9g\u00fcnk van lapozni az el\u0151z\u0151 vagy a k\u00f6vetkez\u0151 \u00e9rm\u00e9re. A jobb fels\u0151 sarokban van lehet\u0151s\u00e9g arra, hogy a h\u00e1tteret els\u00f6t\u00e9t\u00edts\u00fck. A bal fels\u0151 sarokban l\u00e1tjuk az \u00e9rm\u00e9k darabsz\u00e1m\u00e1t \u00e9s azt hogy \u00e9pp h\u00e1nyadikon \u00e1llunk.<\/p>\t\t\t\t\t<\/div>\n\t\t\t\t\t\t<\/div>\n\t\t\t\t<\/div>\n\t\t\t\t\t\t<\/div>\n\t\t\t\t\t<\/div>\n\t\t<\/div>\n\t\t\t\t<div class=\"elementor-column elementor-col-50 elementor-inner-column elementor-element elementor-element-4449f0c\" data-id=\"4449f0c\" data-element_type=\"column\">\n\t\t\t<div class=\"elementor-column-wrap elementor-element-populated\">\n\t\t\t\t\t\t\t<div class=\"elementor-widget-wrap\">\n\t\t\t\t\t\t<div class=\"elementor-element elementor-element-81f5503 elementor-widget elementor-widget-image\" data-id=\"81f5503\" data-element_type=\"widget\" data-widget_type=\"image.default\">\n\t\t\t\t<div class=\"elementor-widget-container\">\n\t\t\t\t\t\t\t\t<div class=\"elementor-image\">\n\t\t\t\t\t\t\t\t\t\t\t\t<img decoding=\"async\" width=\"1024\" height=\"321\" src=\"https:\/\/brandforyou.hu\/oldcoins\/wp-content\/uploads\/2021\/04\/3-1024x321.jpg\" class=\"attachment-large size-large\" alt=\"\" loading=\"lazy\" srcset=\"https:\/\/brandforyou.hu\/oldcoins\/wp-content\/uploads\/2021\/04\/3-1024x321.jpg 1024w, https:\/\/brandforyou.hu\/oldcoins\/wp-content\/uploads\/2021\/04\/3-300x94.jpg 300w, https:\/\/brandforyou.hu\/oldcoins\/wp-content\/uploads\/2021\/04\/3-768x241.jpg 768w, https:\/\/brandforyou.hu\/oldcoins\/wp-content\/uploads\/2021\/04\/3-600x188.jpg 600w, https:\/\/brandforyou.hu\/oldcoins\/wp-content\/uploads\/2021\/04\/3.jpg 1345w\" sizes=\"(max-width: 1024px) 100vw, 1024px\" \/>\t\t\t\t\t\t\t\t\t\t\t\t\t\t<\/div>\n\t\t\t\t\t\t<\/div>\n\t\t\t\t<\/div>\n\t\t\t\t\t\t<\/div>\n\t\t\t\t\t<\/div>\n\t\t<\/div>\n\t\t\t\t\t\t\t\t<\/div>\n\t\t\t\t\t<\/div>\n\t\t<\/section>\n\t\t\t\t<section class=\"elementor-section elementor-inner-section elementor-element elementor-element-116a704 elementor-section-boxed elementor-section-height-default elementor-section-height-default\" data-id=\"116a704\" data-element_type=\"section\">\n\t\t\t\t\t\t<div class=\"elementor-container elementor-column-gap-default\">\n\t\t\t\t\t\t\t<div class=\"elementor-row\">\n\t\t\t\t\t<div class=\"elementor-column elementor-col-50 elementor-inner-column elementor-element elementor-element-16a6953\" data-id=\"16a6953\" data-element_type=\"column\">\n\t\t\t<div class=\"elementor-column-wrap elementor-element-populated\">\n\t\t\t\t\t\t\t<div class=\"elementor-widget-wrap\">\n\t\t\t\t\t\t<div class=\"elementor-element elementor-element-ad1c6d5 elementor-widget elementor-widget-text-editor\" data-id=\"ad1c6d5\" data-element_type=\"widget\" data-widget_type=\"text-editor.default\">\n\t\t\t\t<div class=\"elementor-widget-container\">\n\t\t\t\t\t\t\t\t<div class=\"elementor-text-editor elementor-clearfix\">\n\t\t\t\t<p>Az \u00e9rm\u00e9k alatt tal\u00e1lhat\u00f3 az \u00e9rme neve \u00e9s a ki\u00e1ll\u00edt\u00e1si d\u00e1tuma.\u00a0<\/p><p>\u00a0<\/p>\t\t\t\t\t<\/div>\n\t\t\t\t\t\t<\/div>\n\t\t\t\t<\/div>\n\t\t\t\t\t\t<\/div>\n\t\t\t\t\t<\/div>\n\t\t<\/div>\n\t\t\t\t<div class=\"elementor-column elementor-col-50 elementor-inner-column elementor-element elementor-element-11b7dd5\" data-id=\"11b7dd5\" data-element_type=\"column\">\n\t\t\t<div class=\"elementor-column-wrap elementor-element-populated\">\n\t\t\t\t\t\t\t<div class=\"elementor-widget-wrap\">\n\t\t\t\t\t\t<div class=\"elementor-element elementor-element-c661b2f elementor-widget elementor-widget-image\" data-id=\"c661b2f\" data-element_type=\"widget\" data-widget_type=\"image.default\">\n\t\t\t\t<div class=\"elementor-widget-container\">\n\t\t\t\t\t\t\t\t<div class=\"elementor-image\">\n\t\t\t\t\t\t\t\t\t\t\t\t<img decoding=\"async\" width=\"1024\" height=\"340\" src=\"https:\/\/brandforyou.hu\/oldcoins\/wp-content\/uploads\/2021\/04\/5-1024x340.jpg\" class=\"attachment-large size-large\" alt=\"\" loading=\"lazy\" srcset=\"https:\/\/brandforyou.hu\/oldcoins\/wp-content\/uploads\/2021\/04\/5-1024x340.jpg 1024w, https:\/\/brandforyou.hu\/oldcoins\/wp-content\/uploads\/2021\/04\/5-300x100.jpg 300w, https:\/\/brandforyou.hu\/oldcoins\/wp-content\/uploads\/2021\/04\/5-768x255.jpg 768w, https:\/\/brandforyou.hu\/oldcoins\/wp-content\/uploads\/2021\/04\/5-600x199.jpg 600w, https:\/\/brandforyou.hu\/oldcoins\/wp-content\/uploads\/2021\/04\/5.jpg 1346w\" sizes=\"(max-width: 1024px) 100vw, 1024px\" \/>\t\t\t\t\t\t\t\t\t\t\t\t\t\t<\/div>\n\t\t\t\t\t\t<\/div>\n\t\t\t\t<\/div>\n\t\t\t\t\t\t<\/div>\n\t\t\t\t\t<\/div>\n\t\t<\/div>\n\t\t\t\t\t\t\t\t<\/div>\n\t\t\t\t\t<\/div>\n\t\t<\/section>\n\t\t\t\t\t\t<\/div>\n\t\t\t\t\t<\/div>\n\t\t<\/div>\n\t\t\t\t\t\t\t\t<\/div>\n\t\t\t\t\t<\/div>\n\t\t<\/section>\n\t\t\t\t\t\t\t\t\t<\/div>\n\t\t\t<\/div>\n\t\t\t\t\t<\/div>\n\t\t","protected":false},"excerpt":{"rendered":"<p>Kedves l\u00e1togat\u00f3! Csoportos\u00edtva tal\u00e1lhatod meg az oldalon az \u00e9rm\u00e9ket, kit\u00fcntet\u00e9seket, pap\u00edrp\u00e9nzeket\u2026stb a fels\u0151 men\u00fcben. Egy kis seg\u00edts\u00e9g az oldalhoz: Ki kell v\u00e1lasztanunk a fels\u0151 men\u00fcben a megtekinteni k\u00edv\u00e1nt \u00e9rm\u00e9ket, pap\u00edrp\u00e9nzeket, alum\u00ednium vagy eml\u00e9k\u00e9rm\u00e9ket, r\u00f3mai \u00e9rm\u00e9ket&#8230;stb. Az adott almen\u00fcben v\u00e1laszuk ki az orsz\u00e1got. Miut\u00e1n az adott almen\u00fcben kiv\u00e1lasztottuk az orsz\u00e1got, lehet\u0151s\u00e9g\u00fcnk ny\u00edlik az adott \u00e9rm\u00e9ket kinagy\u00edtani. &hellip;<\/p>\n<p class=\"read-more\"> <a class=\"\" href=\"https:\/\/brandforyou.hu\/oldcoins\/\"> <span class=\"screen-reader-text\">F\u0151oldal<\/span> Read More &raquo;<\/a><\/p>\n","protected":false},"author":1,"featured_media":7164,"parent":0,"menu_order":0,"comment_status":"closed","ping_status":"closed","template":"","meta":[],"_links":{"self":[{"href":"https:\/\/brandforyou.hu\/oldcoins\/wp-json\/wp\/v2\/pages\/293"}],"collection":[{"href":"https:\/\/brandforyou.hu\/oldcoins\/wp-json\/wp\/v2\/pages"}],"about":[{"href":"https:\/\/brandforyou.hu\/oldcoins\/wp-json\/wp\/v2\/types\/page"}],"author":[{"embeddable":true,"href":"https:\/\/brandforyou.hu\/oldcoins\/wp-json\/wp\/v2\/users\/1"}],"replies":[{"embeddable":true,"href":"https:\/\/brandforyou.hu\/oldcoins\/wp-json\/wp\/v2\/comments?post=293"}],"version-history":[{"count":42,"href":"https:\/\/brandforyou.hu\/oldcoins\/wp-json\/wp\/v2\/pages\/293\/revisions"}],"predecessor-version":[{"id":7510,"href":"https:\/\/brandforyou.hu\/oldcoins\/wp-json\/wp\/v2\/pages\/293\/revisions\/7510"}],"wp:featuredmedia":[{"embeddable":true,"href":"https:\/\/brandforyou.hu\/oldcoins\/wp-json\/wp\/v2\/media\/7164"}],"wp:attachment":[{"href":"https:\/\/brandforyou.hu\/oldcoins\/wp-json\/wp\/v2\/media?parent=293"}],"curies":[{"name":"wp","href":"https:\/\/api.w.org\/{rel}","templated":true}]}}